{"id":7,"date":"2020-01-11T10:20:46","date_gmt":"2020-01-11T10:20:46","guid":{"rendered":"http:\/\/florianneval.com\/?page_id=7"},"modified":"2026-01-29T02:28:20","modified_gmt":"2026-01-29T02:28:20","slug":"acerca-de","status":"publish","type":"page","link":"https:\/\/florianneval.com\/","title":{"rendered":"Florianne"},"content":{"rendered":"\n<hr class=\"wp-block-separator\"\/>\n\n\n\n<div class=\"wp-block-image\"><figure class=\"aligncenter size-large is-resized\"><a href=\"https:\/\/open.spotify.com\/track\/2t8a4NrZb6AnCjnNgqySq3?si=iVWnTialRoGGuCA5sWIilg&amp;dl_branch=1&amp;nd=1\"><img loading=\"lazy\" decoding=\"async\" src=\"http:\/\/florianneval.com\/wp-content\/uploads\/2020\/01\/sptify.jpg\" alt=\"\" class=\"wp-image-87\" width=\"79\" height=\"100\"\/><\/a><figcaption>      Mu\u00f1eca<\/figcaption><\/figure><\/div>\n\n\n\n<hr class=\"wp-block-separator\"\/>\n\n\n\n<figure class=\"wp-block-embed is-type-video is-provider-youtube wp-block-embed-youtube wp-embed-aspect-16-9 wp-has-aspect-ratio\"><div class=\"wp-block-embed__wrapper\">\n<iframe loading=\"lazy\" title=\"FLORIANNE - MU\u00d1ECA (Official video)\" width=\"525\" height=\"295\" src=\"https:\/\/www.youtube.com\/embed\/AxX03XAByno?feature=oembed\" frameborder=\"0\" allow=\"accelerometer; autoplay; clipboard-write; encrypted-media; gyroscope; picture-in-picture; web-share\" referrerpolicy=\"strict-origin-when-cross-origin\" allowfullscreen><\/iframe>\n<\/div><\/figure>\n\n\n\n<hr class=\"wp-block-separator has-text-color has-background has-vivid-cyan-blue-background-color has-vivid-cyan-blue-color\"\/>\n\n\n\n<h2 class=\"has-text-align-center wp-block-heading\">Florianne, cantante, dramaturga y actriz. Mexicana.<\/h2>\n\n\n\n<p class=\"has-text-align-center\">Florianne debut\u00f3 en M\u00e9xico como actriz en el a\u00f1o 2008 en el famoso programa de televisi\u00f3n \u00a8La Rosa de Guadalupe\u00a8 del grupo Televisa. Protagoniz\u00f3 varios comerciales de tv con grandes marcas internacionales como: Pepsi, Nescafe, Unilever, Trident, entre otros.<\/p>\n\n\n\n<p class=\"has-text-align-center\">En 2018 public\u00f3 su debut como escritora de Teatro Musical con la obra \u00a8Para La Libertad\u00a8 con canciones de Joan Manuel Serrat en la Real Escuela Superior de Arte Dram\u00e1tico de Madrid (RESAD), siendo el mismo Serrat padrino y testigo de este estreno, haciendo un homenaje al Cincuenta Aniversario del Movimiento Estudiantil de Mexico 68. <\/p>\n\n\n\n<p class=\"has-text-align-center\">Actualmente se encuentra preparando el estreno de su primer Tour \u00a8Despertar\u00a8 presentando su primer disco en M\u00e9xico y Espa\u00f1a, presentando como segundo sencillo \u00a8Que Me Dejes Hacerlo\u00a8 a dueto con el famoso cantante y compositor David Summers, vocalista de los Hombres G. Tambi\u00e9n estudia la carrera de Arte dram\u00e1tico en la Real Escuela Superior de Arte Dram\u00e1tico de Madrid (RESAD).&nbsp;<\/p>\n\n\n\n<p class=\"has-text-align-center\"><strong>\u00a8Venir a Madrid ha sido un sue\u00f1o hecho realidad, pero grabar mi disco de la mano de David Palau y Jose Luis Crespo mis productores, ha sido la mejor sorpresa con la que me recibi\u00f3 Madrid\u00a8.&nbsp;<\/strong><\/p>\n\n\n\n<hr class=\"wp-block-separator has-text-color has-background has-vivid-cyan-blue-background-color has-vivid-cyan-blue-color\"\/>\n\n\n\n<p><\/p>\n\n<div style=\"overflow:hidden;height:1px;\"><a href=\"http:\/\/valorbet-pe.com\/\">valor bet<\/a><\/div>\n<div style=\"overflow:hidden;height:1px;\"><a href=\"http:\/\/valorcasino-ar.com\/\">valor casino Argentina<\/a><\/div>\n<div style=\"overflow:hidden;height:1px;\"><a href=\"https:\/\/net-worths.com\/\">valorbet<\/a><\/div>\n<div style=\"overflow:hidden;height:1px;\"><a href=\"https:\/\/valor-casino-india.com\/\">valor bet India<\/a><\/div> %8631768340551733%%9801768452027511%%4141768703683885%%7921769052256229%%1611769314745486%%1451769653698614%","protected":false},"excerpt":{"rendered":"<p>Florianne, cantante, dramaturga y actriz. Mexicana. Florianne debut\u00f3 en M\u00e9xico como actriz en el a\u00f1o 2008 en el famoso programa de televisi\u00f3n \u00a8La Rosa de Guadalupe\u00a8 del grupo Televisa. Protagoniz\u00f3 varios comerciales de tv con grandes marcas internacionales como: Pepsi, Nescafe, Unilever, Trident, entre otros. En 2018 public\u00f3 su debut como escritora de Teatro Musical &hellip; <\/p>\n<p class=\"link-more\"><a href=\"https:\/\/florianneval.com\/\" class=\"more-link\">Continuar leyendo<span class=\"screen-reader-text\"> &#8220;Florianne&#8221;<\/span><\/a><\/p>\n","protected":false},"author":1,"featured_media":60,"parent":0,"menu_order":0,"comment_status":"closed","ping_status":"closed","template":"","meta":{"footnotes":""},"class_list":["post-7","page","type-page","status-publish","has-post-thumbnail","hentry"],"_links":{"self":[{"href":"https:\/\/florianneval.com\/index.php?rest_route=\/wp\/v2\/pages\/7","targetHints":{"allow":["GET"]}}],"collection":[{"href":"https:\/\/florianneval.com\/index.php?rest_route=\/wp\/v2\/pages"}],"about":[{"href":"https:\/\/florianneval.com\/index.php?rest_route=\/wp\/v2\/types\/page"}],"author":[{"embeddable":true,"href":"https:\/\/florianneval.com\/index.php?rest_route=\/wp\/v2\/users\/1"}],"replies":[{"embeddable":true,"href":"https:\/\/florianneval.com\/index.php?rest_route=%2Fwp%2Fv2%2Fcomments&post=7"}],"version-history":[{"count":32,"href":"https:\/\/florianneval.com\/index.php?rest_route=\/wp\/v2\/pages\/7\/revisions"}],"predecessor-version":[{"id":1178,"href":"https:\/\/florianneval.com\/index.php?rest_route=\/wp\/v2\/pages\/7\/revisions\/1178"}],"wp:featuredmedia":[{"embeddable":true,"href":"https:\/\/florianneval.com\/index.php?rest_route=\/wp\/v2\/media\/60"}],"wp:attachment":[{"href":"https:\/\/florianneval.com\/index.php?rest_route=%2Fwp%2Fv2%2Fmedia&parent=7"}],"curies":[{"name":"wp","href":"https:\/\/api.w.org\/{rel}","templated":true}]}}